{"id":59,"date":"2026-03-17T14:49:27","date_gmt":"2026-03-17T13:49:27","guid":{"rendered":"http:\/\/localhost\/portfolio\/?page_id=59"},"modified":"2026-03-17T16:03:35","modified_gmt":"2026-03-17T15:03:35","slug":"presentation-de-c-media-et-du-poste-occupe","status":"publish","type":"page","link":"https:\/\/portfoliosionoahrb.com\/?page_id=59","title":{"rendered":"pr\u00e9sentation de c-media et du poste occup\u00e9"},"content":{"rendered":"\n<h1 class=\"wp-block-heading\" style=\"font-size:clamp(21.536px, 1.346rem + ((1vw - 3.2px) * 1.052), 35px);\">Pr\u00e9sentation de c-media et du poste occup\u00e9<\/h1>\n\n\n\n<div class=\"wp-block-uagb-container uagb-block-557e8bbb alignfull uagb-is-root-container\"><div class=\"uagb-container-inner-blocks-wrap\">\n<div class=\"wp-block-uagb-container uagb-block-81d727b4\">\n<h2 class=\"wp-block-heading has-text-align-center\" style=\"font-size:clamp(16.293px, 1.018rem + ((1vw - 3.2px) * 0.68), 25px);\">Qu&rsquo;est ce que C-Media ?<\/h2>\n\n\n\n<p>C-Media, acteur de r\u00e9f\u00e9rence en mati\u00e8re de communication en pharmacie et parapharmacie d\u2019enseigne, est une filiale du Groupe CEGEDIM, n\u00e9e de l\u2019alliance des soci\u00e9t\u00e9s RNP et FUTURAMEDIA.<\/p>\n\n\n\n<div class=\"wp-block-buttons is-content-justification-center is-layout-flex wp-container-core-buttons-is-layout-a89b3969 wp-block-buttons-is-layout-flex\">\n<div class=\"wp-block-button\"><a class=\"wp-block-button__link has-palette-color-8-color has-palette-color-3-background-color has-text-color has-background has-link-color wp-element-button\" href=\"https:\/\/www.cegedim-media.fr\" target=\"_blank\" rel=\"noreferrer noopener\">Site de l&rsquo;entreprise<\/a><\/div>\n<\/div>\n<\/div>\n\n\n\n<div class=\"wp-block-uagb-container uagb-block-943fd3cc\">\n<figure class=\"wp-block-image aligncenter size-full is-resized\"><img loading=\"lazy\" decoding=\"async\" width=\"535\" height=\"360\" src=\"http:\/\/portfoliosionoahrb.com\/wp-content\/uploads\/2026\/03\/image_2026-03-17_155113271.png\" alt=\"\" class=\"wp-image-90\" style=\"width:440px;height:auto\" srcset=\"https:\/\/portfoliosionoahrb.com\/wp-content\/uploads\/2026\/03\/image_2026-03-17_155113271.png 535w, https:\/\/portfoliosionoahrb.com\/wp-content\/uploads\/2026\/03\/image_2026-03-17_155113271-300x202.png 300w\" sizes=\"auto, (max-width: 535px) 100vw, 535px\" \/><\/figure>\n<\/div>\n<\/div><\/div>\n\n\n\n<div class=\"wp-block-uagb-container uagb-block-326546f1 alignfull uagb-is-root-container\"><div class=\"uagb-container-inner-blocks-wrap\">\n<div class=\"wp-block-uagb-container uagb-block-abcfddd5\">\n<h2 class=\"wp-block-heading has-text-align-center\" style=\"font-size:clamp(16.293px, 1.018rem + ((1vw - 3.2px) * 0.68), 25px);\">L&rsquo;\u00e9quipe sav<\/h2>\n\n\n\n<p>Le SAV, acronyme signifiant \u00ab\u00a0Service Apr\u00e8s-Vente\u00a0\u00bb, est un service en charge du suivi de la prestation apr\u00e8s qu&rsquo;elle ait \u00e9t\u00e9 effectu\u00e9e chez le client. Son but est de fournir une assistance et un soutien aux clients apr\u00e8s l&rsquo;achat d&rsquo;un produit ou d&rsquo;un service dans le but d&rsquo;offrir le meilleur service client possible.<\/p>\n<\/div>\n\n\n\n<div class=\"wp-block-uagb-container uagb-block-8c9fb915\">\n<figure class=\"wp-block-image aligncenter size-large is-resized\"><img loading=\"lazy\" decoding=\"async\" width=\"1024\" height=\"666\" src=\"http:\/\/portfoliosionoahrb.com\/wp-content\/uploads\/2026\/03\/visuel-SAV-1024x666.jpg\" alt=\"\" class=\"wp-image-92\" style=\"aspect-ratio:1.5375717400008897;width:447px;height:auto\" srcset=\"https:\/\/portfoliosionoahrb.com\/wp-content\/uploads\/2026\/03\/visuel-SAV-1024x666.jpg 1024w, https:\/\/portfoliosionoahrb.com\/wp-content\/uploads\/2026\/03\/visuel-SAV-300x195.jpg 300w, https:\/\/portfoliosionoahrb.com\/wp-content\/uploads\/2026\/03\/visuel-SAV-768x500.jpg 768w, https:\/\/portfoliosionoahrb.com\/wp-content\/uploads\/2026\/03\/visuel-SAV.jpg 1280w\" sizes=\"auto, (max-width: 1024px) 100vw, 1024px\" \/><\/figure>\n<\/div>\n<\/div><\/div>\n\n\n\n<div class=\"wp-block-uagb-container uagb-block-2fe81e6e alignfull uagb-is-root-container\"><div class=\"uagb-container-inner-blocks-wrap\">\n<div class=\"wp-block-uagb-container uagb-block-5da48414\">\n<h2 class=\"wp-block-heading has-text-align-center\" style=\"font-size:clamp(16.293px, 1.018rem + ((1vw - 3.2px) * 0.68), 25px);\">MISSIONS DU TECHNICIEN SUPPORT SAV<\/h2>\n\n\n\n<ul class=\"wp-block-list\">\n<li>Support Technique Niveau 1<\/li>\n\n\n\n<li>Service apr\u00e8s-vente<\/li>\n\n\n\n<li>Traitement d&rsquo;incidents techniques via outil de ticketing (JIRA)<\/li>\n\n\n\n<li>Hotline<\/li>\n\n\n\n<li>Suivi d&rsquo;incidents avec techniciens sur site<\/li>\n\n\n\n<li>Pr\u00e9paration et exp\u00e9dition de mat\u00e9riels \u00e9lectroniques vers les clients en pharmacie<\/li>\n\n\n\n<li>Masterisation de mini PC sous Windows<\/li>\n<\/ul>\n<\/div>\n\n\n\n<div class=\"wp-block-uagb-container uagb-block-d306242b\">\n<figure class=\"wp-block-image aligncenter size-full is-resized\"><img loading=\"lazy\" decoding=\"async\" width=\"512\" height=\"512\" src=\"http:\/\/portfoliosionoahrb.com\/wp-content\/uploads\/2026\/03\/5194294.png\" alt=\"\" class=\"wp-image-96\" style=\"width:280px;height:auto\" srcset=\"https:\/\/portfoliosionoahrb.com\/wp-content\/uploads\/2026\/03\/5194294.png 512w, https:\/\/portfoliosionoahrb.com\/wp-content\/uploads\/2026\/03\/5194294-300x300.png 300w, https:\/\/portfoliosionoahrb.com\/wp-content\/uploads\/2026\/03\/5194294-150x150.png 150w\" sizes=\"auto, (max-width: 512px) 100vw, 512px\" \/><\/figure>\n<\/div>\n<\/div><\/div>\n\n\n\n<p><\/p>\n","protected":false},"excerpt":{"rendered":"<p>Pr\u00e9sentation de c-media et du poste occup\u00e9 Qu&rsquo;est ce que C-Media ? C-Media, acteur de r\u00e9f\u00e9rence en mati\u00e8re de communication en pharmacie et parapharmacie d\u2019enseigne, est une filiale du Groupe CEGEDIM, n\u00e9e de l\u2019alliance des soci\u00e9t\u00e9s RNP et FUTURAMEDIA. L&rsquo;\u00e9quipe sav Le SAV, acronyme signifiant \u00ab\u00a0Service Apr\u00e8s-Vente\u00a0\u00bb, est un service en charge du suivi de [&hellip;]<\/p>\n","protected":false},"author":1,"featured_media":0,"parent":0,"menu_order":0,"comment_status":"closed","ping_status":"closed","template":"","meta":{"_uag_custom_page_level_css":"","footnotes":""},"class_list":["post-59","page","type-page","status-publish","hentry"],"blocksy_meta":[],"uagb_featured_image_src":{"full":false,"thumbnail":false,"medium":false,"medium_large":false,"large":false,"1536x1536":false,"2048x2048":false},"uagb_author_info":{"display_name":"@texas_carter","author_link":"https:\/\/portfoliosionoahrb.com\/?author=1"},"uagb_comment_info":0,"uagb_excerpt":"Pr\u00e9sentation de c-media et du poste occup\u00e9 Qu&rsquo;est ce que C-Media ? C-Media, acteur de r\u00e9f\u00e9rence en mati\u00e8re de communication en pharmacie et parapharmacie d\u2019enseigne, est une filiale du Groupe CEGEDIM, n\u00e9e de l\u2019alliance des soci\u00e9t\u00e9s RNP et FUTURAMEDIA. L&rsquo;\u00e9quipe sav Le SAV, acronyme signifiant \u00ab\u00a0Service Apr\u00e8s-Vente\u00a0\u00bb, est un service en charge du suivi de\u2026","_links":{"self":[{"href":"https:\/\/portfoliosionoahrb.com\/index.php?rest_route=\/wp\/v2\/pages\/59","targetHints":{"allow":["GET"]}}],"collection":[{"href":"https:\/\/portfoliosionoahrb.com\/index.php?rest_route=\/wp\/v2\/pages"}],"about":[{"href":"https:\/\/portfoliosionoahrb.com\/index.php?rest_route=\/wp\/v2\/types\/page"}],"author":[{"embeddable":true,"href":"https:\/\/portfoliosionoahrb.com\/index.php?rest_route=\/wp\/v2\/users\/1"}],"replies":[{"embeddable":true,"href":"https:\/\/portfoliosionoahrb.com\/index.php?rest_route=%2Fwp%2Fv2%2Fcomments&post=59"}],"version-history":[{"count":11,"href":"https:\/\/portfoliosionoahrb.com\/index.php?rest_route=\/wp\/v2\/pages\/59\/revisions"}],"predecessor-version":[{"id":98,"href":"https:\/\/portfoliosionoahrb.com\/index.php?rest_route=\/wp\/v2\/pages\/59\/revisions\/98"}],"wp:attachment":[{"href":"https:\/\/portfoliosionoahrb.com\/index.php?rest_route=%2Fwp%2Fv2%2Fmedia&parent=59"}],"curies":[{"name":"wp","href":"https:\/\/api.w.org\/{rel}","templated":true}]}}