{"id":22,"date":"2026-03-16T13:52:31","date_gmt":"2026-03-16T12:52:31","guid":{"rendered":"http:\/\/localhost\/portfolio\/?page_id=22"},"modified":"2026-03-24T11:58:43","modified_gmt":"2026-03-24T10:58:43","slug":"documentation","status":"publish","type":"page","link":"https:\/\/portfoliosionoahrb.com\/?page_id=22","title":{"rendered":"DOCUMENTATION"},"content":{"rendered":"\n<p>Cette partie regroupe toutes les documentations li\u00e9es aux projets effectu\u00e9s en p\u00e9riode d&rsquo;alternance.<\/p>\n\n\n\n<h2 class=\"wp-block-heading has-text-align-center\">FIches \u00e9preuves e6 syst\u00e8me et r\u00e9seau<\/h2>\n\n\n\n<div class=\"wp-block-uagb-container uagb-block-e0623dec alignfull uagb-is-root-container\"><div class=\"uagb-container-inner-blocks-wrap\">\n<div class=\"wp-block-uagb-container uagb-block-b0883c7b\">\n<figure class=\"wp-block-image aligncenter size-full is-resized\"><img loading=\"lazy\" decoding=\"async\" width=\"512\" height=\"512\" src=\"http:\/\/portfoliosionoahrb.com\/wp-content\/uploads\/2026\/03\/3247956.png\" alt=\"\" class=\"wp-image-268\" style=\"width:259px;height:auto\" srcset=\"https:\/\/portfoliosionoahrb.com\/wp-content\/uploads\/2026\/03\/3247956.png 512w, https:\/\/portfoliosionoahrb.com\/wp-content\/uploads\/2026\/03\/3247956-300x300.png 300w, https:\/\/portfoliosionoahrb.com\/wp-content\/uploads\/2026\/03\/3247956-150x150.png 150w\" sizes=\"auto, (max-width: 512px) 100vw, 512px\" \/><\/figure>\n\n\n\n<div class=\"wp-block-buttons is-content-justification-center is-layout-flex wp-container-core-buttons-is-layout-a89b3969 wp-block-buttons-is-layout-flex\">\n<div class=\"wp-block-button\"><a class=\"wp-block-button__link has-palette-color-3-background-color has-background wp-element-button\" href=\"http:\/\/portfoliosionoahrb.com\/wp-content\/uploads\/2026\/03\/Noah-RB-Epreuve-E6-Systeme-BTS-SIO-2026.pdf\" target=\"_blank\" rel=\"noreferrer noopener\">Fiche maquette (Syst\u00e8me)<\/a><\/div>\n<\/div>\n<\/div>\n\n\n\n<div class=\"wp-block-uagb-container uagb-block-3877926c\">\n<figure class=\"wp-block-image aligncenter size-full is-resized\"><img loading=\"lazy\" decoding=\"async\" width=\"512\" height=\"512\" src=\"http:\/\/portfoliosionoahrb.com\/wp-content\/uploads\/2026\/03\/76863.png\" alt=\"\" class=\"wp-image-267\" style=\"width:260px;height:auto\" srcset=\"https:\/\/portfoliosionoahrb.com\/wp-content\/uploads\/2026\/03\/76863.png 512w, https:\/\/portfoliosionoahrb.com\/wp-content\/uploads\/2026\/03\/76863-300x300.png 300w, https:\/\/portfoliosionoahrb.com\/wp-content\/uploads\/2026\/03\/76863-150x150.png 150w\" sizes=\"auto, (max-width: 512px) 100vw, 512px\" \/><\/figure>\n\n\n\n<div class=\"wp-block-buttons is-content-justification-center is-layout-flex wp-container-core-buttons-is-layout-a89b3969 wp-block-buttons-is-layout-flex\">\n<div class=\"wp-block-button\"><a class=\"wp-block-button__link has-palette-color-3-background-color has-background wp-element-button\" href=\"http:\/\/portfoliosionoahrb.com\/wp-content\/uploads\/2026\/03\/Noah-RB-Epreuve-E6-Reseau-BTS-SIO-2026.pdf\" target=\"_blank\" rel=\"noreferrer noopener\">Fiche maquette (R\u00e9seau)<\/a><\/div>\n<\/div>\n<\/div>\n<\/div><\/div>\n\n\n\n<p><\/p>\n","protected":false},"excerpt":{"rendered":"<p>Cette partie regroupe toutes les documentations li\u00e9es aux projets effectu\u00e9s en p\u00e9riode d&rsquo;alternance. FIches \u00e9preuves e6 syst\u00e8me et r\u00e9seau<\/p>\n","protected":false},"author":1,"featured_media":0,"parent":0,"menu_order":0,"comment_status":"closed","ping_status":"closed","template":"","meta":{"_uag_custom_page_level_css":"","footnotes":""},"class_list":["post-22","page","type-page","status-publish","hentry"],"blocksy_meta":[],"uagb_featured_image_src":{"full":false,"thumbnail":false,"medium":false,"medium_large":false,"large":false,"1536x1536":false,"2048x2048":false},"uagb_author_info":{"display_name":"@texas_carter","author_link":"https:\/\/portfoliosionoahrb.com\/?author=1"},"uagb_comment_info":0,"uagb_excerpt":"Cette partie regroupe toutes les documentations li\u00e9es aux projets effectu\u00e9s en p\u00e9riode d&rsquo;alternance. FIches \u00e9preuves e6 syst\u00e8me et r\u00e9seau","_links":{"self":[{"href":"https:\/\/portfoliosionoahrb.com\/index.php?rest_route=\/wp\/v2\/pages\/22","targetHints":{"allow":["GET"]}}],"collection":[{"href":"https:\/\/portfoliosionoahrb.com\/index.php?rest_route=\/wp\/v2\/pages"}],"about":[{"href":"https:\/\/portfoliosionoahrb.com\/index.php?rest_route=\/wp\/v2\/types\/page"}],"author":[{"embeddable":true,"href":"https:\/\/portfoliosionoahrb.com\/index.php?rest_route=\/wp\/v2\/users\/1"}],"replies":[{"embeddable":true,"href":"https:\/\/portfoliosionoahrb.com\/index.php?rest_route=%2Fwp%2Fv2%2Fcomments&post=22"}],"version-history":[{"count":4,"href":"https:\/\/portfoliosionoahrb.com\/index.php?rest_route=\/wp\/v2\/pages\/22\/revisions"}],"predecessor-version":[{"id":270,"href":"https:\/\/portfoliosionoahrb.com\/index.php?rest_route=\/wp\/v2\/pages\/22\/revisions\/270"}],"wp:attachment":[{"href":"https:\/\/portfoliosionoahrb.com\/index.php?rest_route=%2Fwp%2Fv2%2Fmedia&parent=22"}],"curies":[{"name":"wp","href":"https:\/\/api.w.org\/{rel}","templated":true}]}}