{"id":12,"date":"2026-03-16T13:48:41","date_gmt":"2026-03-16T12:48:41","guid":{"rendered":"http:\/\/localhost\/portfolio\/?page_id=12"},"modified":"2026-03-31T11:39:17","modified_gmt":"2026-03-31T09:39:17","slug":"accueil","status":"publish","type":"page","link":"https:\/\/portfoliosionoahrb.com\/","title":{"rendered":"ACCUEIL"},"content":{"rendered":"\n<div class=\"wp-block-uagb-container uagb-block-f9306fa2 alignfull uagb-is-root-container\"><div class=\"uagb-container-inner-blocks-wrap\">\n<div class=\"wp-block-uagb-container uagb-block-21f5d9a0\">\n<div class=\"wp-block-uagb-image uagb-block-38beb8f4 wp-block-uagb-image--layout-default wp-block-uagb-image--effect-static wp-block-uagb-image--align-none photo-cercle\"><figure class=\"wp-block-uagb-image__figure\"><img decoding=\"async\" srcset=\"https:\/\/portfoliosionoahrb.com\/wp-content\/uploads\/2026\/03\/IMG_9471-1024x1024.jpeg ,https:\/\/portfoliosionoahrb.com\/wp-content\/uploads\/2026\/03\/IMG_9471.jpeg 780w, https:\/\/portfoliosionoahrb.com\/wp-content\/uploads\/2026\/03\/IMG_9471.jpeg 360w\" sizes=\"auto, (max-width: 480px) 150px\" src=\"https:\/\/portfoliosionoahrb.com\/wp-content\/uploads\/2026\/03\/IMG_9471-1024x1024.jpeg\" alt=\"\" class=\"uag-image-515\" width=\"441\" height=\"441\" title=\"IMG_9471\" loading=\"lazy\" role=\"img\"\/><\/figure><\/div>\n<\/div>\n\n\n\n<div class=\"wp-block-uagb-container uagb-block-ab5007e4\">\n<h1 class=\"wp-block-heading\" style=\"font-size:clamp(21.536px, 1.346rem + ((1vw - 3.2px) * 1.052), 35px);\">BONJOUR.<\/h1>\n\n\n\n<h2 class=\"wp-block-heading\" style=\"font-size:clamp(16.293px, 1.018rem + ((1vw - 3.2px) * 0.68), 25px);\">Qui suis-je ?<\/h2>\n\n\n\n<p>Je m&rsquo;appelle Noah. J&rsquo;ai 21 ans et je pr\u00e9pare mon dipl\u00f4me de technicien informatique en BTS SIO option SISR. Depuis le lyc\u00e9e, j&rsquo;ai baign\u00e9 dans le monde de l&rsquo;informatique, que ca soit lors de mes cours, de mes exp\u00e9riences professionnelles ou autour de chez moi.<\/p>\n\n\n\n<p>Ce portfolio vous montrera tout mon parcours professionnel depuis le d\u00e9but de ma formation en alternance.<\/p>\n\n\n\n<div class=\"wp-block-buttons is-content-justification-center is-layout-flex wp-container-core-buttons-is-layout-a89b3969 wp-block-buttons-is-layout-flex\">\n<div class=\"wp-block-button\"><a class=\"wp-block-button__link has-palette-color-8-color has-palette-color-3-background-color has-text-color has-background has-link-color wp-element-button\" href=\"http:\/\/portfoliosionoahrb.com\/wp-content\/uploads\/2026\/03\/CV-2026-Alternant-informatique-Noah-RB.pdf\" target=\"_blank\" rel=\"noreferrer noopener\">CV<\/a><\/div>\n\n\n\n<div class=\"wp-block-button\"><a class=\"wp-block-button__link has-palette-color-8-color has-palette-color-3-background-color has-text-color has-background has-link-color wp-element-button\" href=\"https:\/\/www.linkedin.com\/in\/noah-rogeret-bouabr\u00e9-945478279\/\" target=\"_blank\" rel=\"noreferrer noopener\">LinkedIn<\/a><\/div>\n\n\n\n<div class=\"wp-block-button\"><a class=\"wp-block-button__link has-palette-color-8-color has-palette-color-3-background-color has-text-color has-background has-link-color wp-element-button\" href=\"http:\/\/portfoliosionoahrb.com\/wp-content\/uploads\/2026\/03\/noah-RB-SIO2-EPREUVE-E5-TABLEAU-DE-SYNTHESE-BTS-SIO-2026.pdf\" target=\"_blank\" rel=\"noreferrer noopener\">Tableau de synth\u00e8se<\/a><\/div>\n<\/div>\n<\/div>\n<\/div><\/div>\n\n\n\n<p><\/p>\n\n\n\n<p><\/p>\n","protected":false},"excerpt":{"rendered":"<p>BONJOUR. Qui suis-je ? Je m&rsquo;appelle Noah. J&rsquo;ai 21 ans et je pr\u00e9pare mon dipl\u00f4me de technicien informatique en BTS SIO option SISR. Depuis le lyc\u00e9e, j&rsquo;ai baign\u00e9 dans le monde de l&rsquo;informatique, que ca soit lors de mes cours, de mes exp\u00e9riences professionnelles ou autour de chez moi. Ce portfolio vous montrera tout mon [&hellip;]<\/p>\n","protected":false},"author":1,"featured_media":0,"parent":0,"menu_order":0,"comment_status":"closed","ping_status":"closed","template":"","meta":{"_uag_custom_page_level_css":"","footnotes":""},"class_list":["post-12","page","type-page","status-publish","hentry"],"blocksy_meta":[],"uagb_featured_image_src":{"full":false,"thumbnail":false,"medium":false,"medium_large":false,"large":false,"1536x1536":false,"2048x2048":false},"uagb_author_info":{"display_name":"@texas_carter","author_link":"https:\/\/portfoliosionoahrb.com\/?author=1"},"uagb_comment_info":0,"uagb_excerpt":"BONJOUR. Qui suis-je ? Je m&rsquo;appelle Noah. J&rsquo;ai 21 ans et je pr\u00e9pare mon dipl\u00f4me de technicien informatique en BTS SIO option SISR. Depuis le lyc\u00e9e, j&rsquo;ai baign\u00e9 dans le monde de l&rsquo;informatique, que ca soit lors de mes cours, de mes exp\u00e9riences professionnelles ou autour de chez moi. Ce portfolio vous montrera tout mon\u2026","_links":{"self":[{"href":"https:\/\/portfoliosionoahrb.com\/index.php?rest_route=\/wp\/v2\/pages\/12","targetHints":{"allow":["GET"]}}],"collection":[{"href":"https:\/\/portfoliosionoahrb.com\/index.php?rest_route=\/wp\/v2\/pages"}],"about":[{"href":"https:\/\/portfoliosionoahrb.com\/index.php?rest_route=\/wp\/v2\/types\/page"}],"author":[{"embeddable":true,"href":"https:\/\/portfoliosionoahrb.com\/index.php?rest_route=\/wp\/v2\/users\/1"}],"replies":[{"embeddable":true,"href":"https:\/\/portfoliosionoahrb.com\/index.php?rest_route=%2Fwp%2Fv2%2Fcomments&post=12"}],"version-history":[{"count":22,"href":"https:\/\/portfoliosionoahrb.com\/index.php?rest_route=\/wp\/v2\/pages\/12\/revisions"}],"predecessor-version":[{"id":553,"href":"https:\/\/portfoliosionoahrb.com\/index.php?rest_route=\/wp\/v2\/pages\/12\/revisions\/553"}],"wp:attachment":[{"href":"https:\/\/portfoliosionoahrb.com\/index.php?rest_route=%2Fwp%2Fv2%2Fmedia&parent=12"}],"curies":[{"name":"wp","href":"https:\/\/api.w.org\/{rel}","templated":true}]}}